{"id":50,"date":"2023-05-27T11:17:55","date_gmt":"2023-05-27T09:17:55","guid":{"rendered":"http:\/\/localhost\/wordpress\/?page_id=50"},"modified":"2025-02-28T09:16:23","modified_gmt":"2025-02-28T08:16:23","slug":"agenda","status":"publish","type":"page","link":"https:\/\/osae76.fr\/index.php\/agenda\/","title":{"rendered":"Agenda"},"content":{"rendered":"\n<p><strong>Date \u00e0 venir<\/strong><\/p>\n\n\n\n<p>CONCERT<\/p>\n\n\n\n<p>17 Juin 2023 &#8211; 20H30 Th\u00e9\u00e2tre \u00ab\u00a0l\u2019Eclat\u00a0\u00bb \u00e0 Pont-Audemer<\/p>\n\n\n\n<p>19 janvier 2025 &#8211; 16H Concert du nouvel an &#8211; Salle Franklin &#8211; Elbeuf<\/p>\n\n\n\n<p>29 mars 2025 &#8211; 20H30 Salle des f\u00eates &#8211; Saint-Aubin-l\u00e8s-Elbeuf<\/p>\n","protected":false},"excerpt":{"rendered":"<p>Date \u00e0 venir CONCERT 17 Juin 2023 &#8211; 20H30 Th\u00e9\u00e2tre \u00ab\u00a0l\u2019Eclat\u00a0\u00bb \u00e0 Pont-Audemer 19 janvier 2025 &#8211; 16H Concert du nouvel an &#8211; Salle Franklin &#8211; Elbeuf 29 mars 2025 &#8211; 20H30 Salle des f\u00eates &#8211; Saint-Aubin-l\u00e8s-Elbeuf<\/p>\n","protected":false},"author":2,"featured_media":0,"parent":0,"menu_order":0,"comment_status":"closed","ping_status":"closed","template":"","meta":{"footnotes":""},"class_list":["post-50","page","type-page","status-publish","hentry"],"_links":{"self":[{"href":"https:\/\/osae76.fr\/index.php\/wp-json\/wp\/v2\/pages\/50","targetHints":{"allow":["GET"]}}],"collection":[{"href":"https:\/\/osae76.fr\/index.php\/wp-json\/wp\/v2\/pages"}],"about":[{"href":"https:\/\/osae76.fr\/index.php\/wp-json\/wp\/v2\/types\/page"}],"author":[{"embeddable":true,"href":"https:\/\/osae76.fr\/index.php\/wp-json\/wp\/v2\/users\/2"}],"replies":[{"embeddable":true,"href":"https:\/\/osae76.fr\/index.php\/wp-json\/wp\/v2\/comments?post=50"}],"version-history":[{"count":3,"href":"https:\/\/osae76.fr\/index.php\/wp-json\/wp\/v2\/pages\/50\/revisions"}],"predecessor-version":[{"id":934,"href":"https:\/\/osae76.fr\/index.php\/wp-json\/wp\/v2\/pages\/50\/revisions\/934"}],"wp:attachment":[{"href":"https:\/\/osae76.fr\/index.php\/wp-json\/wp\/v2\/media?parent=50"}],"curies":[{"name":"wp","href":"https:\/\/api.w.org\/{rel}","templated":true}]}}